{"id":372,"date":"2024-10-04T13:46:43","date_gmt":"2024-10-04T13:46:43","guid":{"rendered":"https:\/\/instagram-properties.zabel.com\/?page_id=372"},"modified":"2024-12-13T10:40:34","modified_gmt":"2024-12-13T10:40:34","slug":"haftungsausschluss","status":"publish","type":"page","link":"https:\/\/instagram-properties.zabel.com\/?page_id=372","title":{"rendered":"Haftungsausschluss"},"content":{"rendered":"\t\t<div data-elementor-type=\"wp-page\" data-elementor-id=\"372\" class=\"elementor elementor-372\" data-elementor-settings=\"{&quot;element_pack_global_tooltip_width&quot;:{&quot;unit&quot;:&quot;px&quot;,&quot;size&quot;:&quot;&quot;,&quot;sizes&quot;:[]},&quot;element_pack_global_tooltip_width_tablet&quot;:{&quot;unit&quot;:&quot;px&quot;,&quot;size&quot;:&quot;&quot;,&quot;sizes&quot;:[]},&quot;element_pack_global_tooltip_width_mobile&quot;:{&quot;unit&quot;:&quot;px&quot;,&quot;size&quot;:&quot;&quot;,&quot;sizes&quot;:[]},&quot;element_pack_global_tooltip_padding&quot;:{&quot;unit&quot;:&quot;px&quot;,&quot;top&quot;:&quot;&quot;,&quot;right&quot;:&quot;&quot;,&quot;bottom&quot;:&quot;&quot;,&quot;left&quot;:&quot;&quot;,&quot;isLinked&quot;:true},&quot;element_pack_global_tooltip_padding_tablet&quot;:{&quot;unit&quot;:&quot;px&quot;,&quot;top&quot;:&quot;&quot;,&quot;right&quot;:&quot;&quot;,&quot;bottom&quot;:&quot;&quot;,&quot;left&quot;:&quot;&quot;,&quot;isLinked&quot;:true},&quot;element_pack_global_tooltip_padding_mobile&quot;:{&quot;unit&quot;:&quot;px&quot;,&quot;top&quot;:&quot;&quot;,&quot;right&quot;:&quot;&quot;,&quot;bottom&quot;:&quot;&quot;,&quot;left&quot;:&quot;&quot;,&quot;isLinked&quot;:true},&quot;element_pack_global_tooltip_border_radius&quot;:{&quot;unit&quot;:&quot;px&quot;,&quot;top&quot;:&quot;&quot;,&quot;right&quot;:&quot;&quot;,&quot;bottom&quot;:&quot;&quot;,&quot;left&quot;:&quot;&quot;,&quot;isLinked&quot;:true},&quot;element_pack_global_tooltip_border_radius_tablet&quot;:{&quot;unit&quot;:&quot;px&quot;,&quot;top&quot;:&quot;&quot;,&quot;right&quot;:&quot;&quot;,&quot;bottom&quot;:&quot;&quot;,&quot;left&quot;:&quot;&quot;,&quot;isLinked&quot;:true},&quot;element_pack_global_tooltip_border_radius_mobile&quot;:{&quot;unit&quot;:&quot;px&quot;,&quot;top&quot;:&quot;&quot;,&quot;right&quot;:&quot;&quot;,&quot;bottom&quot;:&quot;&quot;,&quot;left&quot;:&quot;&quot;,&quot;isLinked&quot;:true}}\">\n\t\t\t\t<div class=\"elementor-element elementor-element-6074db27 twbb_section e-flex e-con-boxed e-con e-parent\" data-id=\"6074db27\" data-element_type=\"container\" data-settings=\"{&quot;background_background&quot;:&quot;classic&quot;}\">\n\t\t\t\t\t<div class=\"e-con-inner\">\n\t\t<div class=\"elementor-element elementor-element-39ff330c e-con-full e-flex e-con e-child\" data-id=\"39ff330c\" data-element_type=\"container\">\n\t\t\t\t<div class=\"elementor-element elementor-element-cfdf727 elementor-widget elementor-widget-heading\" data-id=\"cfdf727\" data-element_type=\"widget\" data-widget_type=\"heading.default\">\n\t\t\t\t<div class=\"elementor-widget-container\">\n\t\t\t\t\t<h2 class=\"elementor-heading-title elementor-size-default\">Haftungsausschluss<\/h2>\t\t\t\t<\/div>\n\t\t\t\t<\/div>\n\t\t\t\t<\/div>\n\t\t\t\t\t<\/div>\n\t\t\t\t<\/div>\n\t\t<div class=\"elementor-element elementor-element-8fce9f9 e-flex e-con-boxed e-con e-parent\" data-id=\"8fce9f9\" data-element_type=\"container\">\n\t\t\t\t\t<div class=\"e-con-inner\">\n\t\t<div class=\"elementor-element elementor-element-4e33483 e-con-full e-flex e-con e-child\" data-id=\"4e33483\" data-element_type=\"container\">\n\t\t\t\t<div class=\"elementor-element elementor-element-e00fef5 elementor-widget elementor-widget-text-editor\" data-id=\"e00fef5\" data-element_type=\"widget\" data-widget_type=\"text-editor.default\">\n\t\t\t\t<div class=\"elementor-widget-container\">\n\t\t\t\t\t\t\t\t\t<p><strong>Haftungsausschluss<\/strong><\/p><p>1. Bei der Preisermittlung handelt es sich um ein automatisiertes Tool, welches mit Hilfe eines gro\u00dfen digitalen Datenpools, eine Immobilienbewertung durchf\u00fchrt. Das Ergebnis des automatisierten Tools wird nicht von Savills \u00fcberpr\u00fcft. Es erfolgt keine verbindliche Verkehrswert Berechnung gem. \u00a7 194 BauGB.<\/p><p>2. Zabel Property GmbH haftet ausschlie\u00dflich im Falle von Vorsatz oder grober Fahrl\u00e4ssigkeit bei Pflichtverletzungen bez\u00fcglich der Rechte, Rechtsg\u00fcter und Interessen desjenigen, der die Preisermittlung anfordert. Im \u00dcbrigen ist die Haftung von Zabel Property GmbH ausgeschlossen. Die vorstehenden Regelungen zur Haftungsbeschr\u00e4nkung gelten nicht im Falle der schuldhaften Verletzung des Lebens, des K\u00f6rpers oder der Gesundheit oder bei arglistigen Verhalten von Zabel Property GmbH. Von dem Haftungsausschluss umfasst sind ausdr\u00fccklich auch m\u00f6gliche vorvertragliche Anspr\u00fcche aus einer Vertragsanbahnung.<\/p><p>3. Die Preisermittlung stellt keinen f\u00fcr sp\u00e4tere Vertragsverhandlungen verbindlichen Wert dar. Zabel Property GmbH ist nicht an das Ergebnis der Preisermittlung gebunden.<\/p><p><strong>Schlussbestimmungen<\/strong><\/p><p>Etwaige Allgemeine Gesch\u00e4ftsbedingungen des Auftraggebers finden keine Anwendung.<\/p><p>M\u00fcndliche Nebenabreden bestehen nicht. \u00c4nderungen und Erg\u00e4nzungen dieses Haftungsausschlusses bed\u00fcrfen zu ihrer Wirksamkeit der Schriftform. Dies gilt auch f\u00fcr die Aufhebung der Schriftform bzw. des Schriftformerfordernisses.<\/p><p>Es gilt das Recht der Bundesrepublik Deutschland. Erf\u00fcllungsort ist Berlin.<\/p>\t\t\t\t\t\t\t\t<\/div>\n\t\t\t\t<\/div>\n\t\t\t\t<\/div>\n\t\t\t\t\t<\/div>\n\t\t\t\t<\/div>\n\t\t<div class=\"elementor-element elementor-element-ceb45c7 twbb_section e-flex e-con-boxed e-con e-parent\" data-id=\"ceb45c7\" data-element_type=\"container\" data-settings=\"{&quot;background_background&quot;:&quot;classic&quot;}\">\n\t\t\t\t\t<div class=\"e-con-inner\">\n\t\t<div class=\"elementor-element elementor-element-4fb69ab e-con-full e-flex e-con e-child\" data-id=\"4fb69ab\" data-element_type=\"container\">\n\t\t\t\t<div class=\"elementor-element elementor-element-003e1d0 elementor-widget elementor-widget-image\" data-id=\"003e1d0\" data-element_type=\"widget\" data-widget_type=\"image.default\">\n\t\t\t\t<div class=\"elementor-widget-container\">\n\t\t\t\t\t\t\t\t\t\t\t\t\t\t\t<img fetchpriority=\"high\" decoding=\"async\" width=\"1265\" height=\"477\" src=\"https:\/\/instagram-properties.zabel.com\/wp-content\/uploads\/2024\/12\/logo-silber@3x.png\" class=\"attachment-full size-full wp-image-601\" alt=\"\" srcset=\"https:\/\/instagram-properties.zabel.com\/wp-content\/uploads\/2024\/12\/logo-silber@3x.png 1265w, https:\/\/instagram-properties.zabel.com\/wp-content\/uploads\/2024\/12\/logo-silber@3x-300x113.png 300w, https:\/\/instagram-properties.zabel.com\/wp-content\/uploads\/2024\/12\/logo-silber@3x-1024x386.png 1024w, https:\/\/instagram-properties.zabel.com\/wp-content\/uploads\/2024\/12\/logo-silber@3x-768x290.png 768w, https:\/\/instagram-properties.zabel.com\/wp-content\/uploads\/2024\/12\/logo-silber@3x-600x226.png 600w\" sizes=\"(max-width: 1265px) 100vw, 1265px\" \/>\t\t\t\t\t\t\t\t\t\t\t\t\t\t\t<\/div>\n\t\t\t\t<\/div>\n\t\t\t\t<\/div>\n\t\t<div class=\"elementor-element elementor-element-8482139 e-con-full e-flex e-con e-child\" data-id=\"8482139\" data-element_type=\"container\">\n\t\t\t\t<div class=\"elementor-element elementor-element-fe8b5cf elementor-widget__width-initial elementor-widget-tablet__width-initial elementor-widget-mobile__width-inherit elementor-invisible elementor-widget elementor-widget-text-editor\" data-id=\"fe8b5cf\" data-element_type=\"widget\" data-settings=\"{&quot;_animation&quot;:&quot;fadeInUp&quot;}\" data-widget_type=\"text-editor.default\">\n\t\t\t\t<div class=\"elementor-widget-container\">\n\t\t\t\t\t\t\t\t\t<p><b>Links<\/b><\/p>\t\t\t\t\t\t\t\t<\/div>\n\t\t\t\t<\/div>\n\t\t\t\t<div class=\"elementor-element elementor-element-4d79ac6 elementor-widget__width-initial elementor-widget-tablet__width-initial elementor-widget-mobile__width-inherit twbb-nav-menu__align-left twbb-nav-menu__align-mobile-center twbb-nav-menu--indicator-classic elementor-widget elementor-widget-twbb-nav-menu\" data-id=\"4d79ac6\" data-element_type=\"widget\" data-settings=\"{&quot;layout&quot;:&quot;vertical&quot;,&quot;menu-columns&quot;:&quot;1&quot;,&quot;menu-columns_tablet&quot;:&quot;1&quot;,&quot;menu-columns_mobile&quot;:&quot;1&quot;}\" data-widget_type=\"twbb-nav-menu.default\">\n\t\t\t\t<div class=\"elementor-widget-container\">\n\t\t\t\t\t        <nav class=\"twbb-nav-menu--main twbb-nav-menu__container twbb-nav-menu--layout-vertical e--pointer-none\">\n            <ul id=\"menu-1-4d79ac6\" class=\"twbb-nav-menu twbb-menu_term_id-0 sm-vertical twbb-menu-columns\"><li class=\"menu-item menu-item-type-post_type menu-item-object-page menu-item-345\"><a href=\"https:\/\/instagram-properties.zabel.com\/?page_id=340\" class=\"twbb-item\">Datenschutz<\/a><\/li>\n<li class=\"menu-item menu-item-type-post_type menu-item-object-page menu-item-346\"><a href=\"https:\/\/instagram-properties.zabel.com\/?page_id=332\" class=\"twbb-item\">Impressum<\/a><\/li>\n<li class=\"menu-item menu-item-type-post_type menu-item-object-page menu-item-406\"><a href=\"https:\/\/instagram-properties.zabel.com\/?page_id=372\" class=\"twbb-item\">Haftungsausschluss<\/a><\/li>\n<li class=\"menu-item menu-item-type-post_type menu-item-object-page menu-item-407\"><a href=\"https:\/\/instagram-properties.zabel.com\/?page_id=370\" class=\"twbb-item\">AGB<\/a><\/li>\n<\/ul>        <\/nav>\n        <nav class=\"twbb-nav-menu--dropdown twbb-nav-menu__container\">\n        <ul id=\"menu-2-4d79ac6\" class=\"twbb-nav-menu twbb-menu_term_id-0 sm-vertical twbb-menu-columns\"><li class=\"menu-item menu-item-type-post_type menu-item-object-page menu-item-345\"><a href=\"https:\/\/instagram-properties.zabel.com\/?page_id=340\" class=\"twbb-item\">Datenschutz<\/a><\/li>\n<li class=\"menu-item menu-item-type-post_type menu-item-object-page menu-item-346\"><a href=\"https:\/\/instagram-properties.zabel.com\/?page_id=332\" class=\"twbb-item\">Impressum<\/a><\/li>\n<li class=\"menu-item menu-item-type-post_type menu-item-object-page menu-item-406\"><a href=\"https:\/\/instagram-properties.zabel.com\/?page_id=372\" class=\"twbb-item\">Haftungsausschluss<\/a><\/li>\n<li class=\"menu-item menu-item-type-post_type menu-item-object-page menu-item-407\"><a href=\"https:\/\/instagram-properties.zabel.com\/?page_id=370\" class=\"twbb-item\">AGB<\/a><\/li>\n<\/ul>    <\/nav>\n          <style>\n          .twbb-nav-menu ul {display: none;}      <\/style>\n    \t\t\t\t<\/div>\n\t\t\t\t<\/div>\n\t\t\t\t<\/div>\n\t\t<div class=\"elementor-element elementor-element-c9b50ef e-con-full e-flex e-con e-child\" data-id=\"c9b50ef\" data-element_type=\"container\">\n\t\t\t\t<div class=\"elementor-element elementor-element-1b028b3 elementor-widget__width-initial elementor-widget-tablet__width-initial elementor-widget-mobile__width-inherit elementor-invisible elementor-widget elementor-widget-text-editor\" data-id=\"1b028b3\" data-element_type=\"widget\" data-settings=\"{&quot;_animation&quot;:&quot;fadeInUp&quot;}\" data-widget_type=\"text-editor.default\">\n\t\t\t\t<div class=\"elementor-widget-container\">\n\t\t\t\t\t\t\t\t\t<p><b>Kontakt<br \/><\/b><br \/>Tel.: +49 172 2520110<br \/><a href=\"mailto:service@zabel.com\">Mail: service@zabel.com<\/a><\/p>\t\t\t\t\t\t\t\t<\/div>\n\t\t\t\t<\/div>\n\t\t\t\t<\/div>\n\t\t\t\t\t<\/div>\n\t\t\t\t<\/div>\n\t\t<div class=\"elementor-element elementor-element-a82d48c e-flex e-con-boxed e-con e-parent\" data-id=\"a82d48c\" data-element_type=\"container\" data-settings=\"{&quot;background_background&quot;:&quot;classic&quot;}\">\n\t\t\t\t\t<div class=\"e-con-inner\">\n\t\t\t\t<div class=\"elementor-element elementor-element-17973cd elementor-widget elementor-widget-text-editor\" data-id=\"17973cd\" data-element_type=\"widget\" data-widget_type=\"text-editor.default\">\n\t\t\t\t<div class=\"elementor-widget-container\">\n\t\t\t\t\t\t\t\t\t<p>Alle Inhalte \u00a9 Copyright 2024 Zabel Property GmbH. Alle Rechte vorbehalten. Designed by<br \/><strong><a class=\"custom-link\" href=\"https:\/\/sichtbar-concepts.de\" target=\"_blank\" rel=\"noopener\">Sichtbar Concepts<\/a>.<\/strong><\/p><p>\u00a0<\/p>\t\t\t\t\t\t\t\t<\/div>\n\t\t\t\t<\/div>\n\t\t\t\t\t<\/div>\n\t\t\t\t<\/div>\n\t\t\t\t<\/div>\n\t\t","protected":false},"excerpt":{"rendered":"<p>Haftungsausschluss Haftungsausschluss 1. Bei der Preisermittlung handelt es sich um ein automatisiertes Tool, welches mit Hilfe eines gro\u00dfen digitalen Datenpools, eine Immobilienbewertung durchf\u00fchrt. Das Ergebnis des automatisierten Tools wird nicht von Savills \u00fcberpr\u00fcft. Es erfolgt keine verbindliche Verkehrswert Berechnung gem. \u00a7 194 BauGB. 2. Zabel Property GmbH haftet ausschlie\u00dflich im Falle von Vorsatz oder grober [&hellip;]<\/p>\n","protected":false},"author":2,"featured_media":0,"parent":0,"menu_order":0,"comment_status":"closed","ping_status":"closed","template":"","meta":{"footnotes":""},"class_list":["post-372","page","type-page","status-publish","hentry"],"_links":{"self":[{"href":"https:\/\/instagram-properties.zabel.com\/index.php?rest_route=\/wp\/v2\/pages\/372","targetHints":{"allow":["GET"]}}],"collection":[{"href":"https:\/\/instagram-properties.zabel.com\/index.php?rest_route=\/wp\/v2\/pages"}],"about":[{"href":"https:\/\/instagram-properties.zabel.com\/index.php?rest_route=\/wp\/v2\/types\/page"}],"author":[{"embeddable":true,"href":"https:\/\/instagram-properties.zabel.com\/index.php?rest_route=\/wp\/v2\/users\/2"}],"replies":[{"embeddable":true,"href":"https:\/\/instagram-properties.zabel.com\/index.php?rest_route=%2Fwp%2Fv2%2Fcomments&post=372"}],"version-history":[{"count":24,"href":"https:\/\/instagram-properties.zabel.com\/index.php?rest_route=\/wp\/v2\/pages\/372\/revisions"}],"predecessor-version":[{"id":775,"href":"https:\/\/instagram-properties.zabel.com\/index.php?rest_route=\/wp\/v2\/pages\/372\/revisions\/775"}],"wp:attachment":[{"href":"https:\/\/instagram-properties.zabel.com\/index.php?rest_route=%2Fwp%2Fv2%2Fmedia&parent=372"}],"curies":[{"name":"wp","href":"https:\/\/api.w.org\/{rel}","templated":true}]}}