{"id":332,"date":"2024-10-02T11:24:08","date_gmt":"2024-10-02T11:24:08","guid":{"rendered":"https:\/\/instagram-properties.zabel.com\/?page_id=332"},"modified":"2025-07-21T14:55:24","modified_gmt":"2025-07-21T14:55:24","slug":"impressum","status":"publish","type":"page","link":"https:\/\/instagram-properties.zabel.com\/?page_id=332","title":{"rendered":"Impressum"},"content":{"rendered":"\t\t<div data-elementor-type=\"wp-page\" data-elementor-id=\"332\" class=\"elementor elementor-332\" data-elementor-settings=\"{&quot;element_pack_global_tooltip_width&quot;:{&quot;unit&quot;:&quot;px&quot;,&quot;size&quot;:&quot;&quot;,&quot;sizes&quot;:[]},&quot;element_pack_global_tooltip_width_tablet&quot;:{&quot;unit&quot;:&quot;px&quot;,&quot;size&quot;:&quot;&quot;,&quot;sizes&quot;:[]},&quot;element_pack_global_tooltip_width_mobile&quot;:{&quot;unit&quot;:&quot;px&quot;,&quot;size&quot;:&quot;&quot;,&quot;sizes&quot;:[]},&quot;element_pack_global_tooltip_padding&quot;:{&quot;unit&quot;:&quot;px&quot;,&quot;top&quot;:&quot;&quot;,&quot;right&quot;:&quot;&quot;,&quot;bottom&quot;:&quot;&quot;,&quot;left&quot;:&quot;&quot;,&quot;isLinked&quot;:true},&quot;element_pack_global_tooltip_padding_tablet&quot;:{&quot;unit&quot;:&quot;px&quot;,&quot;top&quot;:&quot;&quot;,&quot;right&quot;:&quot;&quot;,&quot;bottom&quot;:&quot;&quot;,&quot;left&quot;:&quot;&quot;,&quot;isLinked&quot;:true},&quot;element_pack_global_tooltip_padding_mobile&quot;:{&quot;unit&quot;:&quot;px&quot;,&quot;top&quot;:&quot;&quot;,&quot;right&quot;:&quot;&quot;,&quot;bottom&quot;:&quot;&quot;,&quot;left&quot;:&quot;&quot;,&quot;isLinked&quot;:true},&quot;element_pack_global_tooltip_border_radius&quot;:{&quot;unit&quot;:&quot;px&quot;,&quot;top&quot;:&quot;&quot;,&quot;right&quot;:&quot;&quot;,&quot;bottom&quot;:&quot;&quot;,&quot;left&quot;:&quot;&quot;,&quot;isLinked&quot;:true},&quot;element_pack_global_tooltip_border_radius_tablet&quot;:{&quot;unit&quot;:&quot;px&quot;,&quot;top&quot;:&quot;&quot;,&quot;right&quot;:&quot;&quot;,&quot;bottom&quot;:&quot;&quot;,&quot;left&quot;:&quot;&quot;,&quot;isLinked&quot;:true},&quot;element_pack_global_tooltip_border_radius_mobile&quot;:{&quot;unit&quot;:&quot;px&quot;,&quot;top&quot;:&quot;&quot;,&quot;right&quot;:&quot;&quot;,&quot;bottom&quot;:&quot;&quot;,&quot;left&quot;:&quot;&quot;,&quot;isLinked&quot;:true}}\">\n\t\t\t\t<div class=\"elementor-element elementor-element-6074db27 twbb_section e-flex e-con-boxed e-con e-parent\" data-id=\"6074db27\" data-element_type=\"container\" data-settings=\"{&quot;background_background&quot;:&quot;classic&quot;}\">\n\t\t\t\t\t<div class=\"e-con-inner\">\n\t\t<div class=\"elementor-element elementor-element-39ff330c e-con-full e-flex e-con e-child\" data-id=\"39ff330c\" data-element_type=\"container\">\n\t\t\t\t<div class=\"elementor-element elementor-element-cfdf727 elementor-widget elementor-widget-heading\" data-id=\"cfdf727\" data-element_type=\"widget\" data-widget_type=\"heading.default\">\n\t\t\t\t<div class=\"elementor-widget-container\">\n\t\t\t\t\t<h2 class=\"elementor-heading-title elementor-size-default\">Impressum<\/h2>\t\t\t\t<\/div>\n\t\t\t\t<\/div>\n\t\t\t\t<\/div>\n\t\t\t\t\t<\/div>\n\t\t\t\t<\/div>\n\t\t<div class=\"elementor-element elementor-element-8c85701 e-flex e-con-boxed e-con e-parent\" data-id=\"8c85701\" data-element_type=\"container\">\n\t\t\t\t\t<div class=\"e-con-inner\">\n\t\t\t\t<div class=\"elementor-element elementor-element-9a03ca2 elementor-widget elementor-widget-text-editor\" data-id=\"9a03ca2\" data-element_type=\"widget\" data-widget_type=\"text-editor.default\">\n\t\t\t\t<div class=\"elementor-widget-container\">\n\t\t\t\t\t\t\t\t\t<p>\u00a0<\/p><p>\u200bAngaben gem\u00e4\u00df \u00a7 5 TMG<br \/>Anbieter der Website <strong><span class=\"s2\">https:\/\/instagram-properties.zabel.com\/<\/span><\/strong> ist die<\/p><p><strong>Best Place Zabel GmbH<br \/><\/strong>Friedrichstra\u00dfe 95<br \/>10117 Berlin<br \/>T: +49 173 7080786<br \/>E: service@bestplace-zabel.com<\/p><p>Hauptansprechpartner in Deutschland: Thomas Zabel<\/p><p>Handelsregister: HRB 224003B <br \/>Amtsgericht Charlottenburg<br \/>Umsatzsteueridentifikationsnummer: DE 341097779<\/p><p>Gesch\u00e4ftsf\u00fchrung:<br \/>Thomas Zabel, Danny Wolf<\/p><p>Berufsrechtliche Erlaubnis:<br \/>Best Place Zabel GmbH ist Inhaberin einer berufsrechtlichen Erlaubnis nach \u00a7 34c Gewerbeordnung.<\/p><p>Zust\u00e4ndige Aufsichtsbeh\u00f6rde:<br \/>Bezirksamt Mitte von Berlin, Ordnungsamt, <br \/>Karl-Marx-Allee 31, <br \/>10178 Berlin<\/p><p><strong>HAFTUNG:<\/strong><\/p><p>Best Place Zabel GmbH ist bem\u00fcht, daf\u00fcr Sorge zu tragen, dass die Inhalte auf diesen Webseiten aktuell, vollst\u00e4ndig und richtig sind. Alle Inhalte werden bei ihrer Einstellung in diese Webseiten und danach in unregelm\u00e4\u00dfigen Abst\u00e4nden sorgf\u00e4ltig gepr\u00fcft. Da Informationen jedoch raschen \u00c4nderungen unterliegen k\u00f6nnen, sind die Inhalte nicht notwendigerweise immer aktuell, richtig und vollst\u00e4ndig. Deshalb kann Best Place Zabel GmbH keinerlei Gew\u00e4hr f\u00fcr die Aktualit\u00e4t, Korrektheit, Vollst\u00e4ndigkeit oder Qualit\u00e4t der bereitgestellten Informationen \u00fcbernehmen. Durch Sch\u00e4den materieller oder ideeller Art, die durch die Nutzung oder Nichtnutzung der dargebotenen Informationen bzw. durch die Nutzung fehlerhafter und unvollst\u00e4ndiger Informationen verursacht wurden, entstehen aus diesem Grund keine Haftungsanspr\u00fcche gegen Best Place Zabel GmbH. Ein Anspruch entsteht nur, wenn seitens der best Place Zabel GmbH nachweislich ein vors\u00e4tzliches oder grob fahrl\u00e4ssiges Verschulden vorliegt. Das gesamte Angebot oder auch nur Teile davon k\u00f6nnen von der Best Place Zabel GmbH ohne Vorank\u00fcndigung ge\u00e4ndert, erg\u00e4nzt oder gel\u00f6scht werden. Best Place Zabel GmbH beh\u00e4lt es sich au\u00dferdem vor, die Ver\u00f6ffentlichung dieses Angebotes zeitweise oder endg\u00fcltig einzustellen.<\/p><p>Diese Webseiten k\u00f6nnen direkte oder indirekte Verweise (\u201eLinks\u201c) zu Webseiten anderer Anbieter enthalten, deren Inhalte von Best Place Zabel GmbH nicht notwendigerweise autorisiert sind bzw. fortlaufend kontrolliert werden. Best Place Zabel GmbH haftet f\u00fcr rechtswidrige Inhalte auf den von ihr verlinkten Seiten ausschlie\u00dflich dann, wenn sie von diesen Inhalten Kenntnis hat und es ihr technisch m\u00f6glich und zumutbar w\u00e4re, die Nutzung im Falle rechtswidriger Inhalte zu verhindern. Best Place Zabel GmbH hat zum Zeitpunkt der Ver\u00f6ffentlichung der hier verwendeten Links die dahinter liegenden Inhalte auf deren rechtliche Zul\u00e4ssigkeit gepr\u00fcft. Illegale Inhalte waren nicht erkennbar. Auf die aktuelle und zuk\u00fcnftige Gestaltung, die Inhalte oder die Urheberschaft der gelinkten\/verkn\u00fcpften Webseiten hat Best Place Zabel GmbH keinerlei Einfluss. Deshalb distanziert sich die Best Place Zabel GmbH hiermit ausdr\u00fccklich von allen Inhalten aller gelinkten\/verkn\u00fcpften Webseiten, die nach der Linksetzung ver\u00e4ndert wurden. F\u00fcr illegale, fehlerhafte oder unvollst\u00e4ndige Inhalte und insbesondere f\u00fcr Sch\u00e4den, die aus der Nutzung oder Nichtnutzung solcherart dargebotener Informationen entstehen, haftet allein der Anbieter der Seite, auf welche verwiesen wurde, nicht derjenige, der \u00fcber Links auf die jeweilige Ver\u00f6ffentlichung lediglich verweist.<\/p><p><strong>Haftungsausschlusses<\/strong><\/p><p>Sofern Teile oder einzelne Formulierungen dieses Textes der geltenden Rechtslage nicht, nicht mehr oder nicht vollst\u00e4ndig entsprechen sollten, bleiben die \u00fcbrigen Teile des Dokumentes in ihrem Inhalt und ihrer G\u00fcltigkeit davon unber\u00fchrt.<\/p><p><strong>ONLINE-STREITBEILEGUNG:<\/strong><\/p><p>Die Europ\u00e4ische Kommission bietet eine Plattform zur Online-Streitbeilegung an, die Sie unter http:\/\/ec.europa.eu\/consumers\/odr finden.<br \/>Im Streitfalle k\u00f6nnen Sie Ihre Beschwerde per E-Mail an <strong>service@bestplace-zabel.com<\/strong> richten.<\/p><p>Best Place Zabel GmbH ist weder bereit noch verpflichtet, an Streitbeilegungsverfahren vor Verbraucherschlichtungsstellen teilzunehmen.<\/p><p><strong>VERANTWORTLICHER IM SINNE DES PRESSEGESETZES:<\/strong><\/p><p>Verantwortlich f\u00fcr die redaktionellen Inhalte der Website https:\/\/instagram-properties.zabel.com\/ ist Thomas Zabel, Best Place Zabel GmbH.<\/p><p><strong>URHEBERRECHTLICHE HINWEISE:<\/strong><\/p><p>Best Place Zabel GmbH ist Inhaberin der entsprechenden Nutzungsrechte f\u00fcr Bilder, Grafiken, Tondokumente, Videosequenzen und Texte auf der Website https:\/\/instagram-properties.zabel.com\/.<\/p><p><strong>NUTZUNGSBEDINGUNGEN:<\/strong><\/p><p>Alle Rechte des Online-Auftritts von zabel auf der Website https:\/\/instagram-properties.zabel.com\/ sind der Best Place Zabel GmbH vorbehalten.<\/p><p>Best Place Zabel GmbH stellt die auf diesen Webseiten eingestellten Inhalte ihren Kunden und Kundinnen und anderen Interessierten zur allgemeinen Information zur Verf\u00fcgung. Die Webseiten sind nicht an Personen in L\u00e4ndern gerichtet, die das Vorhalten bzw. den Aufruf der darin eingestellten Inhalte untersagen. Jede\/r Nutzer:in ist selbst verantwortlich, sich \u00fcber etwaige Beschr\u00e4nkungen vor Aufruf dieser Webseiten zu informieren und diese einzuhalten. Die Inhalte auf diesen Webseiten stellen kein Vertragsangebot oder eine sonstige Beratung dar. Durch das Vorhalten von Inhalten auf diesen Webseiten bzw. durch deren Aufruf geht Best Place Zabel GmbH mit dem\/der Nutzer:in keinerlei vertragliche Beziehungen ein.<\/p><p>Das Herunterladen sowie die vor\u00fcbergehende Speicherung einzelner Webseiten auf einem Computer oder Bildschirm sind zul\u00e4ssig. Die Reproduktion, dauerhafte Speicherung oder Versendung von Inhalten, die auf diesen Webseiten eingestellt sind oder die Vervielf\u00e4ltigung der Webseite insgesamt, bedarf hingegen der Zustimmung der Best Place Zabel GmbH.<\/p><p>Best Place Zabel GmbH \u00fcbernimmt keine Garantie oder Haftung f\u00fcr die Zugangsm\u00f6glichkeit oder deren Zugriffsqualit\u00e4t und die Art der Darstellung.<\/p>\t\t\t\t\t\t\t\t<\/div>\n\t\t\t\t<\/div>\n\t\t\t\t\t<\/div>\n\t\t\t\t<\/div>\n\t\t<div class=\"elementor-element elementor-element-d49bd13 twbb_section e-flex e-con-boxed e-con e-parent\" data-id=\"d49bd13\" data-element_type=\"container\" data-settings=\"{&quot;background_background&quot;:&quot;classic&quot;}\">\n\t\t\t\t\t<div class=\"e-con-inner\">\n\t\t<div class=\"elementor-element elementor-element-3b46ef3 e-con-full e-flex e-con e-child\" data-id=\"3b46ef3\" data-element_type=\"container\">\n\t\t\t\t<div class=\"elementor-element elementor-element-93c1b4f elementor-widget elementor-widget-image\" data-id=\"93c1b4f\" data-element_type=\"widget\" data-widget_type=\"image.default\">\n\t\t\t\t<div class=\"elementor-widget-container\">\n\t\t\t\t\t\t\t\t\t\t\t\t\t\t\t<img decoding=\"async\" src=\"https:\/\/instagram-properties.zabel.com\/wp-content\/uploads\/2025\/07\/Logo_1.svg\" class=\"attachment-full size-full wp-image-829\" alt=\"\" \/>\t\t\t\t\t\t\t\t\t\t\t\t\t\t\t<\/div>\n\t\t\t\t<\/div>\n\t\t\t\t<\/div>\n\t\t<div class=\"elementor-element elementor-element-d0b6daf e-con-full e-flex e-con e-child\" data-id=\"d0b6daf\" data-element_type=\"container\">\n\t\t\t\t<div class=\"elementor-element elementor-element-f15b9d6 elementor-widget__width-initial elementor-widget-tablet__width-initial elementor-widget-mobile__width-inherit elementor-invisible elementor-widget elementor-widget-text-editor\" data-id=\"f15b9d6\" data-element_type=\"widget\" data-settings=\"{&quot;_animation&quot;:&quot;fadeInUp&quot;}\" data-widget_type=\"text-editor.default\">\n\t\t\t\t<div class=\"elementor-widget-container\">\n\t\t\t\t\t\t\t\t\t<p><b>Links<\/b><\/p>\t\t\t\t\t\t\t\t<\/div>\n\t\t\t\t<\/div>\n\t\t\t\t<div class=\"elementor-element elementor-element-9f54a9e elementor-widget__width-initial elementor-widget-tablet__width-initial elementor-widget-mobile__width-inherit twbb-nav-menu__align-left twbb-nav-menu__align-mobile-center twbb-nav-menu--indicator-classic elementor-widget elementor-widget-twbb-nav-menu\" data-id=\"9f54a9e\" data-element_type=\"widget\" data-settings=\"{&quot;layout&quot;:&quot;vertical&quot;,&quot;menu-columns&quot;:&quot;1&quot;,&quot;menu-columns_tablet&quot;:&quot;1&quot;,&quot;menu-columns_mobile&quot;:&quot;1&quot;}\" data-widget_type=\"twbb-nav-menu.default\">\n\t\t\t\t<div class=\"elementor-widget-container\">\n\t\t\t\t\t        <nav class=\"twbb-nav-menu--main twbb-nav-menu__container twbb-nav-menu--layout-vertical e--pointer-none\">\n            <ul id=\"menu-1-9f54a9e\" class=\"twbb-nav-menu twbb-menu_term_id-0 sm-vertical twbb-menu-columns\"><li class=\"menu-item menu-item-type-post_type menu-item-object-page menu-item-345\"><a href=\"https:\/\/instagram-properties.zabel.com\/?page_id=340\" class=\"twbb-item\">Datenschutz<\/a><\/li>\n<li class=\"menu-item menu-item-type-post_type menu-item-object-page menu-item-346\"><a href=\"https:\/\/instagram-properties.zabel.com\/?page_id=332\" class=\"twbb-item\">Impressum<\/a><\/li>\n<li class=\"menu-item menu-item-type-post_type menu-item-object-page menu-item-406\"><a href=\"https:\/\/instagram-properties.zabel.com\/?page_id=372\" class=\"twbb-item\">Haftungsausschluss<\/a><\/li>\n<li class=\"menu-item menu-item-type-post_type menu-item-object-page menu-item-407\"><a href=\"https:\/\/instagram-properties.zabel.com\/?page_id=370\" class=\"twbb-item\">AGB<\/a><\/li>\n<\/ul>        <\/nav>\n        <nav class=\"twbb-nav-menu--dropdown twbb-nav-menu__container\">\n        <ul id=\"menu-2-9f54a9e\" class=\"twbb-nav-menu twbb-menu_term_id-0 sm-vertical twbb-menu-columns\"><li class=\"menu-item menu-item-type-post_type menu-item-object-page menu-item-345\"><a href=\"https:\/\/instagram-properties.zabel.com\/?page_id=340\" class=\"twbb-item\">Datenschutz<\/a><\/li>\n<li class=\"menu-item menu-item-type-post_type menu-item-object-page menu-item-346\"><a href=\"https:\/\/instagram-properties.zabel.com\/?page_id=332\" class=\"twbb-item\">Impressum<\/a><\/li>\n<li class=\"menu-item menu-item-type-post_type menu-item-object-page menu-item-406\"><a href=\"https:\/\/instagram-properties.zabel.com\/?page_id=372\" class=\"twbb-item\">Haftungsausschluss<\/a><\/li>\n<li class=\"menu-item menu-item-type-post_type menu-item-object-page menu-item-407\"><a href=\"https:\/\/instagram-properties.zabel.com\/?page_id=370\" class=\"twbb-item\">AGB<\/a><\/li>\n<\/ul>    <\/nav>\n          <style>\n          .twbb-nav-menu ul {display: none;}      <\/style>\n    \t\t\t\t<\/div>\n\t\t\t\t<\/div>\n\t\t\t\t<\/div>\n\t\t<div class=\"elementor-element elementor-element-d8edda3 e-con-full e-flex e-con e-child\" data-id=\"d8edda3\" data-element_type=\"container\">\n\t\t\t\t<div class=\"elementor-element elementor-element-22d6acc elementor-widget__width-initial elementor-widget-tablet__width-initial elementor-widget-mobile__width-inherit elementor-invisible elementor-widget elementor-widget-text-editor\" data-id=\"22d6acc\" data-element_type=\"widget\" data-settings=\"{&quot;_animation&quot;:&quot;fadeInUp&quot;}\" data-widget_type=\"text-editor.default\">\n\t\t\t\t<div class=\"elementor-widget-container\">\n\t\t\t\t\t\t\t\t\t<p><b>Kontakt<br \/><\/b><br \/>Tel.: +49 172 2520110<br \/><a href=\"mailto:service@bestplace-zabel.com\">Mail: service@bestplace-zabel.com<\/a><\/p>\t\t\t\t\t\t\t\t<\/div>\n\t\t\t\t<\/div>\n\t\t\t\t<\/div>\n\t\t\t\t\t<\/div>\n\t\t\t\t<\/div>\n\t\t<div class=\"elementor-element elementor-element-6809b19 e-flex e-con-boxed e-con e-parent\" data-id=\"6809b19\" data-element_type=\"container\" data-settings=\"{&quot;background_background&quot;:&quot;classic&quot;}\">\n\t\t\t\t\t<div class=\"e-con-inner\">\n\t\t\t\t<div class=\"elementor-element elementor-element-2338ab9 elementor-widget elementor-widget-text-editor\" data-id=\"2338ab9\" data-element_type=\"widget\" data-widget_type=\"text-editor.default\">\n\t\t\t\t<div class=\"elementor-widget-container\">\n\t\t\t\t\t\t\t\t\t<p>Alle Inhalte \u00a9 Copyright 2025 Best Place Zabel GmbH. Alle Rechte vorbehalten.<\/p>\t\t\t\t\t\t\t\t<\/div>\n\t\t\t\t<\/div>\n\t\t\t\t\t<\/div>\n\t\t\t\t<\/div>\n\t\t\t\t<\/div>\n\t\t","protected":false},"excerpt":{"rendered":"<p>Impressum \u00a0 \u200bAngaben gem\u00e4\u00df \u00a7 5 TMGAnbieter der Website https:\/\/instagram-properties.zabel.com\/ ist die Best Place Zabel GmbHFriedrichstra\u00dfe 9510117 BerlinT: +49 173 7080786E: service@bestplace-zabel.com Hauptansprechpartner in Deutschland: Thomas Zabel Handelsregister: HRB 224003B Amtsgericht CharlottenburgUmsatzsteueridentifikationsnummer: DE 341097779 Gesch\u00e4ftsf\u00fchrung:Thomas Zabel, Danny Wolf Berufsrechtliche Erlaubnis:Best Place Zabel GmbH ist Inhaberin einer berufsrechtlichen Erlaubnis nach \u00a7 34c Gewerbeordnung. Zust\u00e4ndige Aufsichtsbeh\u00f6rde:Bezirksamt Mitte [&hellip;]<\/p>\n","protected":false},"author":2,"featured_media":0,"parent":0,"menu_order":0,"comment_status":"closed","ping_status":"closed","template":"","meta":{"footnotes":""},"class_list":["post-332","page","type-page","status-publish","hentry"],"_links":{"self":[{"href":"https:\/\/instagram-properties.zabel.com\/index.php?rest_route=\/wp\/v2\/pages\/332","targetHints":{"allow":["GET"]}}],"collection":[{"href":"https:\/\/instagram-properties.zabel.com\/index.php?rest_route=\/wp\/v2\/pages"}],"about":[{"href":"https:\/\/instagram-properties.zabel.com\/index.php?rest_route=\/wp\/v2\/types\/page"}],"author":[{"embeddable":true,"href":"https:\/\/instagram-properties.zabel.com\/index.php?rest_route=\/wp\/v2\/users\/2"}],"replies":[{"embeddable":true,"href":"https:\/\/instagram-properties.zabel.com\/index.php?rest_route=%2Fwp%2Fv2%2Fcomments&post=332"}],"version-history":[{"count":33,"href":"https:\/\/instagram-properties.zabel.com\/index.php?rest_route=\/wp\/v2\/pages\/332\/revisions"}],"predecessor-version":[{"id":843,"href":"https:\/\/instagram-properties.zabel.com\/index.php?rest_route=\/wp\/v2\/pages\/332\/revisions\/843"}],"wp:attachment":[{"href":"https:\/\/instagram-properties.zabel.com\/index.php?rest_route=%2Fwp%2Fv2%2Fmedia&parent=332"}],"curies":[{"name":"wp","href":"https:\/\/api.w.org\/{rel}","templated":true}]}}